{"id":4577,"date":"2009-12-18T12:14:41","date_gmt":"2009-12-18T11:14:41","guid":{"rendered":"http:\/\/buecher.ueber-alles.net\/?page_id=4577"},"modified":"2018-05-23T16:50:58","modified_gmt":"2018-05-23T14:50:58","slug":"links","status":"publish","type":"page","link":"https:\/\/buecher.ueber-alles.net\/?page_id=4577","title":{"rendered":"Links"},"content":{"rendered":"<p><strong>BUCH-SHOPPING:<\/strong><\/p>\n<p><a href=\"http:\/\/www.amazon.de\/?ie=UTF8&#038;tag=ueberalles-21\">Amazon<\/a> (Affiliate-Link)<br \/>\n<a href=\"http:\/\/www.booklooker.de\">Booklooker<\/a> (Second-Hand-B\u00fccher)<br \/>\n<a href=\"http:\/\/www.bookmooch.com\">Bookmooch<\/a> (internationale Tauschb\u00f6rse)<br \/>\n<a href=\"http:\/\/www.tauschticket.de\/c\/?rec=281603895\">Buchticket<\/a> (deutsche Tauschb\u00f6rse)<\/p>\n<p>&nbsp;<\/p>\n<p>&nbsp;<\/p>\n<p>\n<strong><br \/>\nBLOGS \u00dcBER B\u00dcCHER (deutsch)<\/strong><\/p>\n<p><a href=\"http:\/\/allesausserlyrik.de\">Alles au\u00dfer Lyrik<\/a><br \/>\n<a href=\"http:\/\/radiergummi.wordpress.com\/\">Aus.gelesen<\/a><br \/>\n<a href=\"http:\/\/www.bellaswonderworld.de\/\">Bella&#8217;s Wonderworld<\/a><br \/>\n<a href=\"http:\/\/colliding-worlds.blogspot.com\/\">Colliding Worlds<\/a><br \/>\n<a href=\"http:\/\/crazyforbooksdotnet.blogspot.de\">Crazy for Books<\/a><br \/>\n<a href=\"http:\/\/lesemiez.blogspot.com\/\">Frau Katz und die B\u00fccher<\/a><br \/>\n<a href=\"https:\/\/gedankenfunken.de\" rel=\"noopener\" target=\"_blank\">Gedankenfunken<\/a><br \/>\n<a href=\"http:\/\/www.gaylesen.at\">GayLesen<\/a><br \/>\n<a href=\"http:\/\/www.happy-end-buecher.de>Happy-End-B\u00fccher<\/a><br \/>\n<a href=\"http:\/\/lesemaniac.blogspot.com\/\">Kerstins B\u00fccherblog<\/a><br \/>\n<a href=\"http:\/\/kleinbrina.wordpress.com\/\">Kleinbrinas B\u00fccherblog<\/a><br \/>\n<a href=\"http:\/\/lucinaswelt.blogspot.com\/\">Lucinas Welt<\/a><br \/>\n<a href=\"http:\/\/marinasbuecherwelt.blogspot.com\/\">Marinas B\u00fccherwelt<\/a><br \/>\n<a href=\"http:\/\/missbookiverse.tumblr.com\/\">Miss Bookiverse<\/a><br \/>\n<a href=\"http:\/\/shiku49.wordpress.com\/\">Muh, das Telefonbuch<\/a><br \/>\n<a href=\"http:\/\/www.nobody-knows.eu\/\">Nobody knows<\/a><br \/>\n<a href=\"http:\/\/susis-buecherblog.blogspot.com\/\">Susis B\u00fccherblog<\/a><br \/>\n<a href=\"http:\/\/http:\/\/allesausserlyrik.de\/\">Winterkatzes Buchblog<\/a><\/p>\n<p>\n","protected":false},"excerpt":{"rendered":"<p>BUCH-SHOPPING:<\/p>\n<p>Amazon (Affiliate-Link) Booklooker (Second-Hand-B\u00fccher) Bookmooch (internationale Tauschb\u00f6rse) Buchticket (deutsche Tauschb\u00f6rse)<\/p>\n<p>&nbsp;<\/p>\n<p>&nbsp;<\/p>\n<p> BLOGS \u00dcBER B\u00dcCHER (deutsch)<\/p>\n<p>Alles au\u00dfer Lyrik Aus.gelesen Bella&#8217;s Wonderworld Colliding Worlds Crazy for Books Frau Katz und die B\u00fccher Gedankenfunken GayLesen [&#8230;]<\/p>\n","protected":false},"author":5,"featured_media":0,"parent":0,"menu_order":3,"comment_status":"closed","ping_status":"closed","template":"","meta":{"footnotes":""},"class_list":["post-4577","page","type-page","status-publish","hentry","odd"],"_links":{"self":[{"href":"https:\/\/buecher.ueber-alles.net\/index.php?rest_route=\/wp\/v2\/pages\/4577"}],"collection":[{"href":"https:\/\/buecher.ueber-alles.net\/index.php?rest_route=\/wp\/v2\/pages"}],"about":[{"href":"https:\/\/buecher.ueber-alles.net\/index.php?rest_route=\/wp\/v2\/types\/page"}],"author":[{"embeddable":true,"href":"https:\/\/buecher.ueber-alles.net\/index.php?rest_route=\/wp\/v2\/users\/5"}],"replies":[{"embeddable":true,"href":"https:\/\/buecher.ueber-alles.net\/index.php?rest_route=%2Fwp%2Fv2%2Fcomments&post=4577"}],"version-history":[{"count":15,"href":"https:\/\/buecher.ueber-alles.net\/index.php?rest_route=\/wp\/v2\/pages\/4577\/revisions"}],"predecessor-version":[{"id":20771,"href":"https:\/\/buecher.ueber-alles.net\/index.php?rest_route=\/wp\/v2\/pages\/4577\/revisions\/20771"}],"wp:attachment":[{"href":"https:\/\/buecher.ueber-alles.net\/index.php?rest_route=%2Fwp%2Fv2%2Fmedia&parent=4577"}],"curies":[{"name":"wp","href":"https:\/\/api.w.org\/{rel}","templated":true}]}}